{"id":30,"date":"2026-02-17T06:50:42","date_gmt":"2026-02-17T06:50:42","guid":{"rendered":"https:\/\/sylwiasiadura.pl\/index.php\/about\/"},"modified":"2026-02-17T09:48:56","modified_gmt":"2026-02-17T09:48:56","slug":"o-mnie","status":"publish","type":"page","link":"http:\/\/sylwiasiadura.pl\/index.php\/o-mnie\/","title":{"rendered":"O mnie"},"content":{"rendered":"\t\t<div data-elementor-type=\"wp-page\" data-elementor-id=\"30\" class=\"elementor elementor-30\">\n\t\t\t\t<div class=\"elementor-element elementor-element-2ec9d630 e-con-full e-flex e-con e-parent\" data-id=\"2ec9d630\" data-element_type=\"container\" data-e-type=\"container\">\n\t\t<div class=\"elementor-element elementor-element-496edb39 e-con-full e-flex e-con e-child\" data-id=\"496edb39\" data-element_type=\"container\" data-e-type=\"container\">\n\t\t\t\t<div class=\"elementor-element elementor-element-3353e39a elementor-widget elementor-widget-heading\" data-id=\"3353e39a\" data-element_type=\"widget\" data-e-type=\"widget\" data-widget_type=\"heading.default\">\n\t\t\t\t\t<h1 class=\"elementor-heading-title elementor-size-default\">Sylwia Siadura<\/h1>\t\t\t\t<\/div>\n\t\t\t\t<div class=\"elementor-element elementor-element-21d3c373 elementor-widget-divider--view-line elementor-widget elementor-widget-divider\" data-id=\"21d3c373\" data-element_type=\"widget\" data-e-type=\"widget\" data-widget_type=\"divider.default\">\n\t\t\t\t\t\t\t<div class=\"elementor-divider\">\n\t\t\t<span class=\"elementor-divider-separator\">\n\t\t\t\t\t\t<\/span>\n\t\t<\/div>\n\t\t\t\t\t\t<\/div>\n\t\t\t\t<div class=\"elementor-element elementor-element-4a2fa918 elementor-widget__width-initial elementor-widget elementor-widget-text-editor\" data-id=\"4a2fa918\" data-element_type=\"widget\" data-e-type=\"widget\" data-widget_type=\"text-editor.default\">\n\t\t\t\t\t\t\t\t\t<p data-start=\"1504\" data-end=\"1717\">Moja przygoda z ubezpieczeniami rozpocz\u0119\u0142a si\u0119 w 2015 roku.<br data-start=\"1563\" data-end=\"1566\" \/>Przez lata zdobywa\u0142am do\u015bwiadczenie w dynamicznie rozwijaj\u0105cej si\u0119 firmie, poznaj\u0105c rynek od podszewki i ucz\u0105c si\u0119 wysokich standard\u00f3w obs\u0142ugi klienta.<\/p><p data-start=\"1719\" data-end=\"1859\">To by\u0142 cenny etap, ale zawsze wiedzia\u0142am, \u017ce chc\u0119 pracowa\u0107 inaczej \u2014 tak, aby najwa\u017cniejszy by\u0142 cz\u0142owiek i jego historia, a nie sam produkt.<\/p><p data-start=\"1861\" data-end=\"2040\">Moja wiedza to nie tylko teoria.<br data-start=\"1893\" data-end=\"1896\" \/>To przede wszystkim praktyka w sytuacjach, kiedy wsparcie agenta ma realne znaczenie: przy szkodzie, trudnych decyzjach i niepewno\u015bci co wybra\u0107.<\/p><p data-start=\"2042\" data-end=\"2069\">Dlatego w pracy stawiam na:<\/p><p data-start=\"2071\" data-end=\"2230\"><strong data-start=\"2071\" data-end=\"2090\">transparentno\u015b\u0107<\/strong> \u2013 jasno t\u0142umacz\u0119 warunki<br data-start=\"2115\" data-end=\"2118\" \/><strong data-start=\"2118\" data-end=\"2133\">skuteczno\u015b\u0107<\/strong> \u2013 wybieram rozwi\u0105zania, kt\u00f3re dzia\u0142aj\u0105<br data-start=\"2172\" data-end=\"2175\" \/><strong data-start=\"2175\" data-end=\"2186\">relacj\u0119<\/strong> \u2013 jeste\u015b klientem tak\u017ce po podpisaniu umowy<\/p><p data-start=\"2232\" data-end=\"2412\">Wiem, \u017ce za ka\u017cd\u0105 polis\u0105 stoj\u0105 plany, marzenia i bezpiecze\u0144stwo najbli\u017cszych.<br data-start=\"2309\" data-end=\"2312\" \/>Dlatego nie ograniczam si\u0119 do formalno\u015bci \u2014 buduj\u0119 wsp\u00f3\u0142prac\u0119 opart\u0105 na zaufaniu i szczerym dialogu.<\/p><p data-start=\"2414\" data-end=\"2500\">Moim zadaniem jest nie tylko zawarcie ubezpieczenia.<br data-start=\"2466\" data-end=\"2469\" \/>Moim zadaniem jest Tw\u00f3j spok\u00f3j.<\/p>\t\t\t\t\t\t\t\t<\/div>\n\t\t\t\t<\/div>\n\t\t<div class=\"elementor-element elementor-element-2ca5d2c0 e-con-full e-flex e-con e-child\" data-id=\"2ca5d2c0\" data-element_type=\"container\" data-e-type=\"container\" data-settings=\"{&quot;background_background&quot;:&quot;classic&quot;}\">\n\t\t\t\t<div class=\"elementor-element elementor-element-bd25aba elementor-widget elementor-widget-image\" data-id=\"bd25aba\" data-element_type=\"widget\" data-e-type=\"widget\" data-widget_type=\"image.default\">\n\t\t\t\t\t\t\t\t\t\t\t\t\t\t\t<img fetchpriority=\"high\" decoding=\"async\" width=\"681\" height=\"1024\" src=\"http:\/\/sylwiasiadura.pl\/wp-content\/uploads\/2026\/02\/DSC0166-kopia-1-681x1024.jpg\" class=\"attachment-large size-large wp-image-81\" alt=\"Sylwia Siadura\" srcset=\"http:\/\/sylwiasiadura.pl\/wp-content\/uploads\/2026\/02\/DSC0166-kopia-1-681x1024.jpg 681w, http:\/\/sylwiasiadura.pl\/wp-content\/uploads\/2026\/02\/DSC0166-kopia-1-200x300.jpg 200w, http:\/\/sylwiasiadura.pl\/wp-content\/uploads\/2026\/02\/DSC0166-kopia-1-768x1154.jpg 768w, http:\/\/sylwiasiadura.pl\/wp-content\/uploads\/2026\/02\/DSC0166-kopia-1-1022x1536.jpg 1022w, http:\/\/sylwiasiadura.pl\/wp-content\/uploads\/2026\/02\/DSC0166-kopia-1-1363x2048.jpg 1363w, http:\/\/sylwiasiadura.pl\/wp-content\/uploads\/2026\/02\/DSC0166-kopia-1-scaled.jpg 1703w\" sizes=\"(max-width: 681px) 100vw, 681px\" \/>\t\t\t\t\t\t\t\t\t\t\t\t\t\t\t<\/div>\n\t\t\t\t<\/div>\n\t\t\t\t<\/div>\n\t\t<div class=\"elementor-element elementor-element-771db64c e-con-full elementor-hidden-desktop elementor-hidden-tablet elementor-hidden-mobile e-flex e-con e-parent\" data-id=\"771db64c\" data-element_type=\"container\" data-e-type=\"container\">\n\t\t<div class=\"elementor-element elementor-element-94cc8e e-con-full e-flex e-con e-child\" data-id=\"94cc8e\" data-element_type=\"container\" data-e-type=\"container\">\n\t\t\t\t<div class=\"elementor-element elementor-element-4172f58f elementor-pagination-position-inside elementor-widget elementor-widget-image-carousel\" data-id=\"4172f58f\" data-element_type=\"widget\" data-e-type=\"widget\" data-settings=\"{&quot;slides_to_show&quot;:&quot;1&quot;,&quot;navigation&quot;:&quot;dots&quot;,&quot;pause_on_hover&quot;:&quot;no&quot;,&quot;pause_on_interaction&quot;:&quot;no&quot;,&quot;autoplay&quot;:&quot;yes&quot;,&quot;autoplay_speed&quot;:5000,&quot;infinite&quot;:&quot;yes&quot;,&quot;effect&quot;:&quot;slide&quot;,&quot;speed&quot;:500}\" data-widget_type=\"image-carousel.default\">\n\t\t\t\t\t\t\t<div class=\"elementor-image-carousel-wrapper swiper\" role=\"region\" aria-roledescription=\"carousel\" aria-label=\"Karuzela obrazk\u00f3w\" dir=\"ltr\">\n\t\t\t<div class=\"elementor-image-carousel swiper-wrapper swiper-image-stretch\" aria-live=\"off\">\n\t\t\t\t\t\t\t\t<div class=\"swiper-slide\" role=\"group\" aria-roledescription=\"slide\" aria-label=\"1 z 3\"><figure class=\"swiper-slide-inner\"><img decoding=\"async\" class=\"swiper-slide-image\" src=\"http:\/\/sylwiasiadura.pl\/wp-content\/uploads\/2026\/02\/Image_Placeholder_2_Slider_2-13122021.jpg\" alt=\"Image_Placeholder_2_Slider_2-13122021.jpg\" \/><\/figure><\/div><div class=\"swiper-slide\" role=\"group\" aria-roledescription=\"slide\" aria-label=\"2 z 3\"><figure class=\"swiper-slide-inner\"><img decoding=\"async\" class=\"swiper-slide-image\" src=\"http:\/\/sylwiasiadura.pl\/wp-content\/uploads\/2026\/02\/Image_Placeholder_2_Slider_3-13122021.jpg\" alt=\"Image_Placeholder_2_Slider_3-13122021.jpg\" \/><\/figure><\/div><div class=\"swiper-slide\" role=\"group\" aria-roledescription=\"slide\" aria-label=\"3 z 3\"><figure class=\"swiper-slide-inner\"><img decoding=\"async\" class=\"swiper-slide-image\" src=\"http:\/\/sylwiasiadura.pl\/wp-content\/uploads\/2026\/02\/Image_Placeholder_2_Slider_1-13122021.jpg\" alt=\"Image_Placeholder_2_Slider_1-13122021.jpg\" \/><\/figure><\/div>\t\t\t<\/div>\n\t\t\t\t\t\t\t\n\t\t\t\t\t\t\t\t\t<div class=\"swiper-pagination\"><\/div>\n\t\t\t\t\t\t\t\t\t<\/div>\n\t\t\t\t\t\t<\/div>\n\t\t\t\t<\/div>\n\t\t<div class=\"elementor-element elementor-element-5c54cbf4 e-con-full e-flex e-con e-child\" data-id=\"5c54cbf4\" data-element_type=\"container\" data-e-type=\"container\">\n\t\t\t\t<div class=\"elementor-element elementor-element-3349bbd0 elementor-widget elementor-widget-heading\" data-id=\"3349bbd0\" data-element_type=\"widget\" data-e-type=\"widget\" data-widget_type=\"heading.default\">\n\t\t\t\t\t<h2 class=\"elementor-heading-title elementor-size-default\">Our Vision<\/h2>\t\t\t\t<\/div>\n\t\t\t\t<div class=\"elementor-element elementor-element-fb77d95 elementor-widget__width-initial elementor-widget elementor-widget-text-editor\" data-id=\"fb77d95\" data-element_type=\"widget\" data-e-type=\"widget\" data-widget_type=\"text-editor.default\">\n\t\t\t\t\t\t\t\t\t<p>A short paragraph describing your company&#8217;s vision of what it hopes to achieve in the future. This section is meant to inspire people to join your company on its journey.<\/p>\t\t\t\t\t\t\t\t<\/div>\n\t\t\t\t<div class=\"elementor-element elementor-element-1e9515da elementor-widget elementor-widget-testimonial\" data-id=\"1e9515da\" data-element_type=\"widget\" data-e-type=\"widget\" data-widget_type=\"testimonial.default\">\n\t\t\t\t\t\t\t<div class=\"elementor-testimonial-wrapper\">\n\t\t\t\t\t\t\t<div class=\"elementor-testimonial-content\">\u201cAn inspiring quote from a company Employee \/ owner\u201d<\/div>\n\t\t\t\n\t\t\t\t\t\t<div class=\"elementor-testimonial-meta\">\n\t\t\t\t<div class=\"elementor-testimonial-meta-inner\">\n\t\t\t\t\t\n\t\t\t\t\t\t\t\t\t\t<div class=\"elementor-testimonial-details\">\n\t\t\t\t\t\t\t\t\t\t\t\t\t\t<div class=\"elementor-testimonial-name\">Name of Employee \/ Owner<\/div>\n\t\t\t\t\t\t\t\t\t\t\t\t\t\t\t\t\t\t\t<\/div>\n\t\t\t\t\t\t\t\t\t<\/div>\n\t\t\t<\/div>\n\t\t\t\t\t<\/div>\n\t\t\t\t\t\t<\/div>\n\t\t\t\t<\/div>\n\t\t\t\t<\/div>\n\t\t<div class=\"elementor-element elementor-element-761672d3 e-con-full elementor-hidden-desktop elementor-hidden-tablet elementor-hidden-mobile e-flex e-con e-parent\" data-id=\"761672d3\" data-element_type=\"container\" data-e-type=\"container\">\n\t\t\t\t<div class=\"elementor-element elementor-element-6a5ba7bc elementor-widget elementor-widget-heading\" data-id=\"6a5ba7bc\" data-element_type=\"widget\" data-e-type=\"widget\" data-widget_type=\"heading.default\">\n\t\t\t\t\t<h2 class=\"elementor-heading-title elementor-size-default\">Our Team<\/h2>\t\t\t\t<\/div>\n\t\t<div class=\"elementor-element elementor-element-1798d1c1 e-con-full e-flex e-con e-child\" data-id=\"1798d1c1\" data-element_type=\"container\" data-e-type=\"container\">\n\t\t<div class=\"elementor-element elementor-element-594d98bf e-con-full e-flex e-con e-child\" data-id=\"594d98bf\" data-element_type=\"container\" data-e-type=\"container\">\n\t\t\t\t<div class=\"elementor-element elementor-element-7d3fd17e elementor-position-top elementor-widget elementor-widget-image-box\" data-id=\"7d3fd17e\" data-element_type=\"widget\" data-e-type=\"widget\" data-widget_type=\"image-box.default\">\n\t\t\t\t\t<div class=\"elementor-image-box-wrapper\"><figure class=\"elementor-image-box-img\"><img decoding=\"async\" width=\"526\" height=\"526\" src=\"http:\/\/sylwiasiadura.pl\/wp-content\/uploads\/2026\/02\/526x526_11.jpg\" class=\"attachment-full size-full wp-image-34\" alt=\"\" srcset=\"http:\/\/sylwiasiadura.pl\/wp-content\/uploads\/2026\/02\/526x526_11.jpg 526w, http:\/\/sylwiasiadura.pl\/wp-content\/uploads\/2026\/02\/526x526_11-300x300.jpg 300w, http:\/\/sylwiasiadura.pl\/wp-content\/uploads\/2026\/02\/526x526_11-150x150.jpg 150w\" sizes=\"(max-width: 526px) 100vw, 526px\" \/><\/figure><div class=\"elementor-image-box-content\"><h3 class=\"elementor-image-box-title\">Employee Name<\/h3><p class=\"elementor-image-box-description\">Job title<\/p><\/div><\/div>\t\t\t\t<\/div>\n\t\t\t\t<\/div>\n\t\t<div class=\"elementor-element elementor-element-378792f1 e-con-full e-flex e-con e-child\" data-id=\"378792f1\" data-element_type=\"container\" data-e-type=\"container\">\n\t\t\t\t<div class=\"elementor-element elementor-element-3093b7d7 elementor-position-top elementor-widget elementor-widget-image-box\" data-id=\"3093b7d7\" data-element_type=\"widget\" data-e-type=\"widget\" data-widget_type=\"image-box.default\">\n\t\t\t\t\t<div class=\"elementor-image-box-wrapper\"><figure class=\"elementor-image-box-img\"><img decoding=\"async\" width=\"526\" height=\"526\" src=\"http:\/\/sylwiasiadura.pl\/wp-content\/uploads\/2026\/02\/526x526_11.jpg\" class=\"attachment-full size-full wp-image-34\" alt=\"\" srcset=\"http:\/\/sylwiasiadura.pl\/wp-content\/uploads\/2026\/02\/526x526_11.jpg 526w, http:\/\/sylwiasiadura.pl\/wp-content\/uploads\/2026\/02\/526x526_11-300x300.jpg 300w, http:\/\/sylwiasiadura.pl\/wp-content\/uploads\/2026\/02\/526x526_11-150x150.jpg 150w\" sizes=\"(max-width: 526px) 100vw, 526px\" \/><\/figure><div class=\"elementor-image-box-content\"><h3 class=\"elementor-image-box-title\">Employee Name<\/h3><p class=\"elementor-image-box-description\">Job title<\/p><\/div><\/div>\t\t\t\t<\/div>\n\t\t\t\t<\/div>\n\t\t<div class=\"elementor-element elementor-element-2c8107eb e-con-full e-flex e-con e-child\" data-id=\"2c8107eb\" data-element_type=\"container\" data-e-type=\"container\">\n\t\t\t\t<div class=\"elementor-element elementor-element-2c5cdcb2 elementor-position-top elementor-widget elementor-widget-image-box\" data-id=\"2c5cdcb2\" data-element_type=\"widget\" data-e-type=\"widget\" data-widget_type=\"image-box.default\">\n\t\t\t\t\t<div class=\"elementor-image-box-wrapper\"><figure class=\"elementor-image-box-img\"><img decoding=\"async\" width=\"526\" height=\"526\" src=\"http:\/\/sylwiasiadura.pl\/wp-content\/uploads\/2026\/02\/526x526_11.jpg\" class=\"attachment-full size-full wp-image-34\" alt=\"\" srcset=\"http:\/\/sylwiasiadura.pl\/wp-content\/uploads\/2026\/02\/526x526_11.jpg 526w, http:\/\/sylwiasiadura.pl\/wp-content\/uploads\/2026\/02\/526x526_11-300x300.jpg 300w, http:\/\/sylwiasiadura.pl\/wp-content\/uploads\/2026\/02\/526x526_11-150x150.jpg 150w\" sizes=\"(max-width: 526px) 100vw, 526px\" \/><\/figure><div class=\"elementor-image-box-content\"><h3 class=\"elementor-image-box-title\">Employee Name<\/h3><p class=\"elementor-image-box-description\">Job title<\/p><\/div><\/div>\t\t\t\t<\/div>\n\t\t\t\t<\/div>\n\t\t<div class=\"elementor-element elementor-element-1fbfcc59 e-con-full e-flex e-con e-child\" data-id=\"1fbfcc59\" data-element_type=\"container\" data-e-type=\"container\">\n\t\t\t\t<div class=\"elementor-element elementor-element-e94333a elementor-position-top elementor-widget elementor-widget-image-box\" data-id=\"e94333a\" data-element_type=\"widget\" data-e-type=\"widget\" data-widget_type=\"image-box.default\">\n\t\t\t\t\t<div class=\"elementor-image-box-wrapper\"><figure class=\"elementor-image-box-img\"><img decoding=\"async\" width=\"526\" height=\"526\" src=\"http:\/\/sylwiasiadura.pl\/wp-content\/uploads\/2026\/02\/526x526_11.jpg\" class=\"attachment-full size-full wp-image-34\" alt=\"\" srcset=\"http:\/\/sylwiasiadura.pl\/wp-content\/uploads\/2026\/02\/526x526_11.jpg 526w, http:\/\/sylwiasiadura.pl\/wp-content\/uploads\/2026\/02\/526x526_11-300x300.jpg 300w, http:\/\/sylwiasiadura.pl\/wp-content\/uploads\/2026\/02\/526x526_11-150x150.jpg 150w\" sizes=\"(max-width: 526px) 100vw, 526px\" \/><\/figure><div class=\"elementor-image-box-content\"><h3 class=\"elementor-image-box-title\">Employee Name<\/h3><p class=\"elementor-image-box-description\">Job title<\/p><\/div><\/div>\t\t\t\t<\/div>\n\t\t\t\t<\/div>\n\t\t\t\t<\/div>\n\t\t\t\t<\/div>\n\t\t<div class=\"elementor-element elementor-element-6dc50d90 elementor-hidden-desktop elementor-hidden-tablet elementor-hidden-mobile e-flex e-con-boxed e-con e-parent\" data-id=\"6dc50d90\" data-element_type=\"container\" data-e-type=\"container\">\n\t\t\t\t\t<div class=\"e-con-inner\">\n\t\t\t\t<div class=\"elementor-element elementor-element-459095c elementor-widget elementor-widget-heading\" data-id=\"459095c\" data-element_type=\"widget\" data-e-type=\"widget\" data-widget_type=\"heading.default\">\n\t\t\t\t\t<h2 class=\"elementor-heading-title elementor-size-default\">A Title to Turn the Visitor Into a Lead<\/h2>\t\t\t\t<\/div>\n\t\t\t\t<div class=\"elementor-element elementor-element-312f1318 elementor-widget__width-initial elementor-widget elementor-widget-text-editor\" data-id=\"312f1318\" data-element_type=\"widget\" data-e-type=\"widget\" data-widget_type=\"text-editor.default\">\n\t\t\t\t\t\t\t\t\t<p>This is your chance to emphasize why the visitor should contact you right now now.<\/p>\t\t\t\t\t\t\t\t<\/div>\n\t\t\t\t<div class=\"elementor-element elementor-element-3913940f elementor-align-center elementor-invisible elementor-widget elementor-widget-button\" data-id=\"3913940f\" data-element_type=\"widget\" data-e-type=\"widget\" data-settings=\"{&quot;_animation&quot;:&quot;fadeInDown&quot;}\" data-widget_type=\"button.default\">\n\t\t\t\t\t\t\t\t\t\t<a class=\"elementor-button elementor-button-link elementor-size-sm\" href=\"https:\/\/library.elementor.com\/local-services-wireframe-3-flexbox\/contact-us\/\">\n\t\t\t\t\t\t<span class=\"elementor-button-content-wrapper\">\n\t\t\t\t\t\t\t\t\t<span class=\"elementor-button-text\">Contact Us<\/span>\n\t\t\t\t\t<\/span>\n\t\t\t\t\t<\/a>\n\t\t\t\t\t\t\t\t<\/div>\n\t\t\t\t\t<\/div>\n\t\t\t\t<\/div>\n\t\t\t\t<\/div>\n\t\t","protected":false},"excerpt":{"rendered":"<p>Sylwia Siadura Moja przygoda z ubezpieczeniami rozpocz\u0119\u0142a si\u0119 w 2015 roku.Przez lata zdobywa\u0142am do\u015bwiadczenie w dynamicznie rozwijaj\u0105cej si\u0119 firmie, poznaj\u0105c rynek od podszewki i ucz\u0105c si\u0119 wysokich standard\u00f3w obs\u0142ugi klienta. To by\u0142 cenny etap, ale zawsze wiedzia\u0142am, \u017ce chc\u0119 pracowa\u0107 inaczej \u2014 tak, aby najwa\u017cniejszy by\u0142 cz\u0142owiek i jego historia, a nie sam produkt. Moja [&hellip;]<\/p>\n","protected":false},"author":1,"featured_media":37,"parent":0,"menu_order":0,"comment_status":"closed","ping_status":"closed","template":"elementor_header_footer","meta":{"footnotes":""},"class_list":["post-30","page","type-page","status-publish","has-post-thumbnail","hentry"],"_links":{"self":[{"href":"http:\/\/sylwiasiadura.pl\/index.php\/wp-json\/wp\/v2\/pages\/30","targetHints":{"allow":["GET"]}}],"collection":[{"href":"http:\/\/sylwiasiadura.pl\/index.php\/wp-json\/wp\/v2\/pages"}],"about":[{"href":"http:\/\/sylwiasiadura.pl\/index.php\/wp-json\/wp\/v2\/types\/page"}],"author":[{"embeddable":true,"href":"http:\/\/sylwiasiadura.pl\/index.php\/wp-json\/wp\/v2\/users\/1"}],"replies":[{"embeddable":true,"href":"http:\/\/sylwiasiadura.pl\/index.php\/wp-json\/wp\/v2\/comments?post=30"}],"version-history":[{"count":8,"href":"http:\/\/sylwiasiadura.pl\/index.php\/wp-json\/wp\/v2\/pages\/30\/revisions"}],"predecessor-version":[{"id":84,"href":"http:\/\/sylwiasiadura.pl\/index.php\/wp-json\/wp\/v2\/pages\/30\/revisions\/84"}],"wp:featuredmedia":[{"embeddable":true,"href":"http:\/\/sylwiasiadura.pl\/index.php\/wp-json\/wp\/v2\/media\/37"}],"wp:attachment":[{"href":"http:\/\/sylwiasiadura.pl\/index.php\/wp-json\/wp\/v2\/media?parent=30"}],"curies":[{"name":"wp","href":"https:\/\/api.w.org\/{rel}","templated":true}]}}