{"id":26,"date":"2026-02-17T06:50:42","date_gmt":"2026-02-17T06:50:42","guid":{"rendered":"https:\/\/sylwiasiadura.pl\/index.php\/services\/"},"modified":"2026-02-17T12:58:43","modified_gmt":"2026-02-17T12:58:43","slug":"oferta","status":"publish","type":"page","link":"http:\/\/sylwiasiadura.pl\/index.php\/oferta\/","title":{"rendered":"Oferta"},"content":{"rendered":"\t\t<div data-elementor-type=\"wp-page\" data-elementor-id=\"26\" class=\"elementor elementor-26\">\n\t\t\t\t<div class=\"elementor-element elementor-element-79337ab3 e-flex e-con-boxed e-con e-parent\" data-id=\"79337ab3\" data-element_type=\"container\" data-e-type=\"container\">\n\t\t\t\t\t<div class=\"e-con-inner\">\n\t\t\t\t<div class=\"elementor-element elementor-element-194f2976 elementor-widget elementor-widget-heading\" data-id=\"194f2976\" data-element_type=\"widget\" data-e-type=\"widget\" data-widget_type=\"heading.default\">\n\t\t\t\t\t<h1 class=\"elementor-heading-title elementor-size-default\">Zapoznaj si\u0119 z ofert\u0105<\/h1>\t\t\t\t<\/div>\n\t\t\t\t<div class=\"elementor-element elementor-element-47d860d6 elementor-widget-divider--view-line elementor-widget elementor-widget-divider\" data-id=\"47d860d6\" data-element_type=\"widget\" data-e-type=\"widget\" data-widget_type=\"divider.default\">\n\t\t\t\t\t\t\t<div class=\"elementor-divider\">\n\t\t\t<span class=\"elementor-divider-separator\">\n\t\t\t\t\t\t<\/span>\n\t\t<\/div>\n\t\t\t\t\t\t<\/div>\n\t\t\t\t<div class=\"elementor-element elementor-element-647280b7 elementor-widget__width-initial elementor-widget-tablet__width-initial elementor-widget elementor-widget-heading\" data-id=\"647280b7\" data-element_type=\"widget\" data-e-type=\"widget\" data-widget_type=\"heading.default\">\n\t\t\t\t\t<h5 class=\"elementor-heading-title elementor-size-default\">Wszystkie towarzystwa ubezpieczeniowe w jednym miejscu<\/h5>\t\t\t\t<\/div>\n\t\t\t\t<div class=\"elementor-element elementor-element-e182729 elementor-widget elementor-widget-image\" data-id=\"e182729\" data-element_type=\"widget\" data-e-type=\"widget\" data-widget_type=\"image.default\">\n\t\t\t\t\t\t\t\t\t\t\t\t\t\t\t<img fetchpriority=\"high\" decoding=\"async\" width=\"800\" height=\"301\" src=\"https:\/\/sylwiasiadura.pl\/wp-content\/uploads\/2026\/02\/Bez-tytulu-1024x385.png\" class=\"attachment-large size-large wp-image-133\" alt=\"\" srcset=\"https:\/\/sylwiasiadura.pl\/wp-content\/uploads\/2026\/02\/Bez-tytulu-1024x385.png 1024w, https:\/\/sylwiasiadura.pl\/wp-content\/uploads\/2026\/02\/Bez-tytulu-300x113.png 300w, https:\/\/sylwiasiadura.pl\/wp-content\/uploads\/2026\/02\/Bez-tytulu-768x289.png 768w, https:\/\/sylwiasiadura.pl\/wp-content\/uploads\/2026\/02\/Bez-tytulu-1536x578.png 1536w, https:\/\/sylwiasiadura.pl\/wp-content\/uploads\/2026\/02\/Bez-tytulu.png 1800w\" sizes=\"(max-width: 800px) 100vw, 800px\" \/>\t\t\t\t\t\t\t\t\t\t\t\t\t\t\t<\/div>\n\t\t\t\t\t<\/div>\n\t\t\t\t<\/div>\n\t\t<div class=\"elementor-element elementor-element-7e361ef8 e-flex e-con-boxed e-con e-parent\" data-id=\"7e361ef8\" data-element_type=\"container\" data-e-type=\"container\" id=\"service1\">\n\t\t\t\t\t<div class=\"e-con-inner\">\n\t\t<div class=\"elementor-element elementor-element-132928fd e-con-full e-flex e-con e-child\" data-id=\"132928fd\" data-element_type=\"container\" data-e-type=\"container\">\n\t\t\t\t<div class=\"elementor-element elementor-element-62b9e50a elementor-widget elementor-widget-heading\" data-id=\"62b9e50a\" data-element_type=\"widget\" data-e-type=\"widget\" data-widget_type=\"heading.default\">\n\t\t\t\t\t<h2 class=\"elementor-heading-title elementor-size-default\">Ubezpieczenie komunikacyjne<br>\n(OC \/ AC \/ Assistance)<\/h2>\t\t\t\t<\/div>\n\t\t\t\t<div class=\"elementor-element elementor-element-7f0d478e elementor-widget elementor-widget-text-editor\" data-id=\"7f0d478e\" data-element_type=\"widget\" data-e-type=\"widget\" data-widget_type=\"text-editor.default\">\n\t\t\t\t\t\t\t\t\t<h2 data-start=\"254\" data-end=\"301\">Spokojna jazda zaczyna si\u0119 od dobrej ochrony<\/h2><p data-start=\"303\" data-end=\"444\">Ubezpieczenie samochodu to nie tylko obowi\u0105zkowe OC.<br data-start=\"355\" data-end=\"358\" \/>To przede wszystkim bezpiecze\u0144stwo finansowe w sytuacji kolizji, awarii lub kradzie\u017cy.<\/p><p data-start=\"446\" data-end=\"634\">Pomagam dobra\u0107 polis\u0119 dopasowan\u0105 do Twojego stylu jazdy, wieku auta i sposobu u\u017cytkowania.<br data-start=\"536\" data-end=\"539\" \/>Innej ochrony potrzebuje nowe auto w leasingu, a innej kilkuletni samoch\u00f3d u\u017cywany na co dzie\u0144.<\/p><p data-start=\"636\" data-end=\"661\">Dobieram zakres tak, aby:<\/p><ul data-start=\"662\" data-end=\"777\"><li data-start=\"662\" data-end=\"701\"><p data-start=\"664\" data-end=\"701\">nie przep\u0142aca\u0107 za zb\u0119dne rozszerzenia<\/p><\/li><li data-start=\"702\" data-end=\"734\"><p data-start=\"704\" data-end=\"734\">mie\u0107 realn\u0105 pomoc po zdarzeniu<\/p><\/li><li data-start=\"735\" data-end=\"777\"><p data-start=\"737\" data-end=\"777\">unikn\u0105\u0107 problem\u00f3w przy likwidacji szkody<\/p><\/li><\/ul><h3 data-start=\"779\" data-end=\"797\">W czym pomagam<\/h3><p data-start=\"798\" data-end=\"956\">\u2714 OC, AC, NNW, Assistance<br data-start=\"823\" data-end=\"826\" \/>\u2714 por\u00f3wnanie ofert wielu towarzystw<br data-start=\"861\" data-end=\"864\" \/>\u2714 wyja\u015bnienie r\u00f3\u017cnic w wariantach naprawy<br data-start=\"905\" data-end=\"908\" \/>\u2714 zg\u0142oszenie szkody i kontakt z ubezpieczycielem<\/p><p data-start=\"958\" data-end=\"1038\">\ud83d\udcde Zadzwo\u0144 \u2014 sprawdz\u0119 Twoj\u0105 obecn\u0105 polis\u0119 i powiem czy da si\u0119 taniej lub lepiej.<\/p>\t\t\t\t\t\t\t\t<\/div>\n\t\t\t\t<\/div>\n\t\t<div class=\"elementor-element elementor-element-2f14ea25 e-con-full e-flex e-con e-child\" data-id=\"2f14ea25\" data-element_type=\"container\" data-e-type=\"container\" data-settings=\"{&quot;background_background&quot;:&quot;classic&quot;}\">\n\t\t\t\t<div class=\"elementor-element elementor-element-7f18e0b elementor-widget elementor-widget-image\" data-id=\"7f18e0b\" data-element_type=\"widget\" data-e-type=\"widget\" data-settings=\"{&quot;_animation&quot;:&quot;none&quot;}\" data-widget_type=\"image.default\">\n\t\t\t\t\t\t\t\t\t\t\t\t\t\t\t<img decoding=\"async\" width=\"800\" height=\"534\" src=\"https:\/\/sylwiasiadura.pl\/wp-content\/uploads\/2026\/02\/ChatGPT-Image-17-lut-2026-13_31_28-1024x683.png\" class=\"attachment-large size-large wp-image-120\" alt=\"Ubezpieczenie na \u017cycie\" srcset=\"https:\/\/sylwiasiadura.pl\/wp-content\/uploads\/2026\/02\/ChatGPT-Image-17-lut-2026-13_31_28-1024x683.png 1024w, https:\/\/sylwiasiadura.pl\/wp-content\/uploads\/2026\/02\/ChatGPT-Image-17-lut-2026-13_31_28-300x200.png 300w, https:\/\/sylwiasiadura.pl\/wp-content\/uploads\/2026\/02\/ChatGPT-Image-17-lut-2026-13_31_28-768x512.png 768w, https:\/\/sylwiasiadura.pl\/wp-content\/uploads\/2026\/02\/ChatGPT-Image-17-lut-2026-13_31_28.png 1536w\" sizes=\"(max-width: 800px) 100vw, 800px\" \/>\t\t\t\t\t\t\t\t\t\t\t\t\t\t\t<\/div>\n\t\t\t\t<\/div>\n\t\t\t\t\t<\/div>\n\t\t\t\t<\/div>\n\t\t<div class=\"elementor-element elementor-element-5957b5a7 e-flex e-con-boxed e-con e-parent\" data-id=\"5957b5a7\" data-element_type=\"container\" data-e-type=\"container\" id=\"service2\">\n\t\t\t\t\t<div class=\"e-con-inner\">\n\t\t<div class=\"elementor-element elementor-element-14ab9ec5 e-con-full e-flex e-con e-child\" data-id=\"14ab9ec5\" data-element_type=\"container\" data-e-type=\"container\">\n\t\t\t\t<div class=\"elementor-element elementor-element-17688e3d elementor-widget elementor-widget-heading\" data-id=\"17688e3d\" data-element_type=\"widget\" data-e-type=\"widget\" data-widget_type=\"heading.default\">\n\t\t\t\t\t<h2 class=\"elementor-heading-title elementor-size-default\">Ubezpieczenie domu i mieszkania<\/h2>\t\t\t\t<\/div>\n\t\t\t\t<div class=\"elementor-element elementor-element-78ee4bf8 elementor-widget elementor-widget-text-editor\" data-id=\"78ee4bf8\" data-element_type=\"widget\" data-e-type=\"widget\" data-widget_type=\"text-editor.default\">\n\t\t\t\t\t\t\t\t\t<h2 data-start=\"1083\" data-end=\"1119\">Dom to miejsce \u2014 polisa to spok\u00f3j<\/h2><p data-start=\"1121\" data-end=\"1293\">Po\u017car, zalanie czy przepi\u0119cie potrafi\u0105 w kilka minut zniszczy\u0107 dorobek wielu lat.<br data-start=\"1202\" data-end=\"1205\" \/>Dlatego kluczowe jest nie tylko posiadanie ubezpieczenia, ale jego w\u0142a\u015bciwe dopasowanie.<\/p><p data-start=\"1295\" data-end=\"1484\">Wi\u0119kszo\u015b\u0107 polis nie dzia\u0142a tak, jak w\u0142a\u015bciciel si\u0119 spodziewa \u2014 g\u0142\u00f3wnie przez wy\u0142\u0105czenia w OWU.<br data-start=\"1389\" data-end=\"1392\" \/>Moim zadaniem jest prze\u0142o\u017cy\u0107 je na prosty j\u0119zyk i wybra\u0107 wariant, kt\u00f3ry rzeczywi\u015bcie chroni.<\/p><h3 data-start=\"1486\" data-end=\"1512\">Ochrona mo\u017ce obejmowa\u0107<\/h3><p data-start=\"1513\" data-end=\"1643\">\u2714 mury i elementy sta\u0142e<br data-start=\"1536\" data-end=\"1539\" \/>\u2714 wyposa\u017cenie i sprz\u0119t RTV\/AGD<br data-start=\"1569\" data-end=\"1572\" \/>\u2714 zalanie i przepi\u0119cia<br data-start=\"1594\" data-end=\"1597\" \/>\u2714 kradzie\u017c i w\u0142amanie<br data-start=\"1618\" data-end=\"1621\" \/>\u2714 OC w \u017cyciu prywatnym<\/p><p data-start=\"1645\" data-end=\"1744\">Nie sprzedaj\u0119 \u201epakiet\u00f3w\u201d.<br data-start=\"1670\" data-end=\"1673\" \/>Tworz\u0119 ochron\u0119 dopasowan\u0105 do mieszkania, domu i stylu \u017cycia domownik\u00f3w.<\/p>\t\t\t\t\t\t\t\t<\/div>\n\t\t\t\t<\/div>\n\t\t<div class=\"elementor-element elementor-element-683c8e86 e-con-full e-flex e-con e-child\" data-id=\"683c8e86\" data-element_type=\"container\" data-e-type=\"container\" data-settings=\"{&quot;background_background&quot;:&quot;classic&quot;}\">\n\t\t\t\t<div class=\"elementor-element elementor-element-580bbcd elementor-widget elementor-widget-image\" data-id=\"580bbcd\" data-element_type=\"widget\" data-e-type=\"widget\" data-widget_type=\"image.default\">\n\t\t\t\t\t\t\t\t\t\t\t\t\t\t\t<img decoding=\"async\" width=\"800\" height=\"534\" src=\"https:\/\/sylwiasiadura.pl\/wp-content\/uploads\/2026\/02\/ChatGPT-Image-17-lut-2026-13_31_26-1024x683.png\" class=\"attachment-large size-large wp-image-121\" alt=\"\" srcset=\"https:\/\/sylwiasiadura.pl\/wp-content\/uploads\/2026\/02\/ChatGPT-Image-17-lut-2026-13_31_26-1024x683.png 1024w, https:\/\/sylwiasiadura.pl\/wp-content\/uploads\/2026\/02\/ChatGPT-Image-17-lut-2026-13_31_26-300x200.png 300w, https:\/\/sylwiasiadura.pl\/wp-content\/uploads\/2026\/02\/ChatGPT-Image-17-lut-2026-13_31_26-768x512.png 768w, https:\/\/sylwiasiadura.pl\/wp-content\/uploads\/2026\/02\/ChatGPT-Image-17-lut-2026-13_31_26.png 1536w\" sizes=\"(max-width: 800px) 100vw, 800px\" \/>\t\t\t\t\t\t\t\t\t\t\t\t\t\t\t<\/div>\n\t\t\t\t<\/div>\n\t\t\t\t\t<\/div>\n\t\t\t\t<\/div>\n\t\t<div class=\"elementor-element elementor-element-38b24392 e-flex e-con-boxed e-con e-parent\" data-id=\"38b24392\" data-element_type=\"container\" data-e-type=\"container\" id=\"service3\">\n\t\t\t\t\t<div class=\"e-con-inner\">\n\t\t<div class=\"elementor-element elementor-element-162e45bf e-con-full e-flex e-con e-child\" data-id=\"162e45bf\" data-element_type=\"container\" data-e-type=\"container\">\n\t\t\t\t<div class=\"elementor-element elementor-element-4aa2e462 elementor-widget elementor-widget-heading\" data-id=\"4aa2e462\" data-element_type=\"widget\" data-e-type=\"widget\" data-widget_type=\"heading.default\">\n\t\t\t\t\t<h2 class=\"elementor-heading-title elementor-size-default\">Ubezpieczenie \u017cycia i zdrowia<\/h2>\t\t\t\t<\/div>\n\t\t\t\t<div class=\"elementor-element elementor-element-5ef27139 elementor-widget elementor-widget-text-editor\" data-id=\"5ef27139\" data-element_type=\"widget\" data-e-type=\"widget\" data-widget_type=\"text-editor.default\">\n\t\t\t\t\t\t\t\t\t<h2 data-start=\"1793\" data-end=\"1841\">Zabezpieczenie najwa\u017cniejszych rzeczy \u2014 ludzi<\/h2><p data-start=\"1843\" data-end=\"1915\">Ubezpieczenie na \u017cycie nie jest dla nas.<br data-start=\"1883\" data-end=\"1886\" \/>Jest dla os\u00f3b, kt\u00f3re zostaj\u0105.<\/p><p data-start=\"1917\" data-end=\"2055\">Pomagam dobra\u0107 ochron\u0119, kt\u00f3ra realnie wspiera finansowo w trudnych momentach: chorobie, pobycie w szpitalu czy utracie zdolno\u015bci do pracy.<\/p><p data-start=\"2057\" data-end=\"2177\">Ka\u017cda sytuacja \u017cyciowa wymaga innego rozwi\u0105zania \u2014 rodzina z dzie\u0107mi, singiel, kredyt hipoteczny czy w\u0142asna dzia\u0142alno\u015b\u0107.<\/p><h3 data-start=\"2179\" data-end=\"2197\">Mo\u017cliwy zakres<\/h3><p data-start=\"2198\" data-end=\"2328\">\u2714 \u015bmier\u0107 i powa\u017cne choroby<br data-start=\"2224\" data-end=\"2227\" \/>\u2714 pobyt w szpitalu i operacje<br data-start=\"2256\" data-end=\"2259\" \/>\u2714 niezdolno\u015b\u0107 do pracy<br data-start=\"2281\" data-end=\"2284\" \/>\u2714 zabezpieczenie kredytu<br data-start=\"2308\" data-end=\"2311\" \/>\u2714 ochrona dziecka<\/p><p data-start=\"2330\" data-end=\"2395\">Najpierw rozmawiamy o potrzebach, dopiero potem wybieramy polis\u0119.<\/p>\t\t\t\t\t\t\t\t<\/div>\n\t\t\t\t<\/div>\n\t\t<div class=\"elementor-element elementor-element-4429700b e-con-full e-flex e-con e-child\" data-id=\"4429700b\" data-element_type=\"container\" data-e-type=\"container\" data-settings=\"{&quot;background_background&quot;:&quot;classic&quot;}\">\n\t\t\t\t<div class=\"elementor-element elementor-element-49d4b60 elementor-widget elementor-widget-image\" data-id=\"49d4b60\" data-element_type=\"widget\" data-e-type=\"widget\" data-widget_type=\"image.default\">\n\t\t\t\t\t\t\t\t\t\t\t\t\t\t\t<img loading=\"lazy\" decoding=\"async\" width=\"800\" height=\"534\" src=\"https:\/\/sylwiasiadura.pl\/wp-content\/uploads\/2026\/02\/ChatGPT-Image-17-lut-2026-13_31_24-1024x683.png\" class=\"attachment-large size-large wp-image-122\" alt=\"\" srcset=\"https:\/\/sylwiasiadura.pl\/wp-content\/uploads\/2026\/02\/ChatGPT-Image-17-lut-2026-13_31_24-1024x683.png 1024w, https:\/\/sylwiasiadura.pl\/wp-content\/uploads\/2026\/02\/ChatGPT-Image-17-lut-2026-13_31_24-300x200.png 300w, https:\/\/sylwiasiadura.pl\/wp-content\/uploads\/2026\/02\/ChatGPT-Image-17-lut-2026-13_31_24-768x512.png 768w, https:\/\/sylwiasiadura.pl\/wp-content\/uploads\/2026\/02\/ChatGPT-Image-17-lut-2026-13_31_24.png 1536w\" sizes=\"(max-width: 800px) 100vw, 800px\" \/>\t\t\t\t\t\t\t\t\t\t\t\t\t\t\t<\/div>\n\t\t\t\t<\/div>\n\t\t\t\t\t<\/div>\n\t\t\t\t<\/div>\n\t\t<div class=\"elementor-element elementor-element-151cc171 e-flex e-con-boxed e-con e-parent\" data-id=\"151cc171\" data-element_type=\"container\" data-e-type=\"container\" id=\"service4\">\n\t\t\t\t\t<div class=\"e-con-inner\">\n\t\t<div class=\"elementor-element elementor-element-4f719ee4 e-con-full e-flex e-con e-child\" data-id=\"4f719ee4\" data-element_type=\"container\" data-e-type=\"container\">\n\t\t\t\t<div class=\"elementor-element elementor-element-2e3a27df elementor-widget elementor-widget-heading\" data-id=\"2e3a27df\" data-element_type=\"widget\" data-e-type=\"widget\" data-widget_type=\"heading.default\">\n\t\t\t\t\t<h2 class=\"elementor-heading-title elementor-size-default\">Ubezpieczenia dla firm<\/h2>\t\t\t\t<\/div>\n\t\t\t\t<div class=\"elementor-element elementor-element-59c27834 elementor-widget elementor-widget-text-editor\" data-id=\"59c27834\" data-element_type=\"widget\" data-e-type=\"widget\" data-widget_type=\"text-editor.default\">\n\t\t\t\t\t\t\t\t\t<h2 data-start=\"2431\" data-end=\"2468\">Bezpieczna firma dzia\u0142a spokojniej<\/h2><p data-start=\"2470\" data-end=\"2642\">Dzia\u0142alno\u015b\u0107 gospodarcza to odpowiedzialno\u015b\u0107 \u2014 za klient\u00f3w, pracownik\u00f3w i maj\u0105tek.<br data-start=\"2551\" data-end=\"2554\" \/>Dobrze dobrane ubezpieczenie chroni przed kosztami, kt\u00f3re mog\u0105 zachwia\u0107 finansami firmy.<\/p><p data-start=\"2644\" data-end=\"2719\">Analizuj\u0119 ryzyka konkretnej bran\u017cy, zamiast proponowa\u0107 uniwersalne pakiety.<\/p><h3 data-start=\"2721\" data-end=\"2753\">Ubezpieczenia obejmuj\u0105 m.in.<\/h3><p data-start=\"2754\" data-end=\"2875\">\u2714 OC dzia\u0142alno\u015bci<br data-start=\"2771\" data-end=\"2774\" \/>\u2714 maj\u0105tek firmy i sprz\u0119t<br data-start=\"2798\" data-end=\"2801\" \/>\u2714 przest\u00f3j w dzia\u0142alno\u015bci<br data-start=\"2826\" data-end=\"2829\" \/>\u2714 odpowiedzialno\u015b\u0107 zawodow\u0105<br data-start=\"2856\" data-end=\"2859\" \/>\u2714 flot\u0119 pojazd\u00f3w<\/p><p data-start=\"2877\" data-end=\"2940\">Polisa ma by\u0107 wsparciem w problemie \u2014 nie kolejn\u0105 formalno\u015bci\u0105.<\/p>\t\t\t\t\t\t\t\t<\/div>\n\t\t\t\t<\/div>\n\t\t<div class=\"elementor-element elementor-element-57947738 e-con-full e-flex e-con e-child\" data-id=\"57947738\" data-element_type=\"container\" data-e-type=\"container\" data-settings=\"{&quot;background_background&quot;:&quot;classic&quot;}\">\n\t\t\t\t<div class=\"elementor-element elementor-element-cd1055a elementor-widget elementor-widget-image\" data-id=\"cd1055a\" data-element_type=\"widget\" data-e-type=\"widget\" data-widget_type=\"image.default\">\n\t\t\t\t\t\t\t\t\t\t\t\t\t\t\t<img loading=\"lazy\" decoding=\"async\" width=\"800\" height=\"534\" src=\"https:\/\/sylwiasiadura.pl\/wp-content\/uploads\/2026\/02\/ChatGPT-Image-17-lut-2026-13_32_03-1024x683.png\" class=\"attachment-large size-large wp-image-123\" alt=\"\" srcset=\"https:\/\/sylwiasiadura.pl\/wp-content\/uploads\/2026\/02\/ChatGPT-Image-17-lut-2026-13_32_03-1024x683.png 1024w, https:\/\/sylwiasiadura.pl\/wp-content\/uploads\/2026\/02\/ChatGPT-Image-17-lut-2026-13_32_03-300x200.png 300w, https:\/\/sylwiasiadura.pl\/wp-content\/uploads\/2026\/02\/ChatGPT-Image-17-lut-2026-13_32_03-768x512.png 768w, https:\/\/sylwiasiadura.pl\/wp-content\/uploads\/2026\/02\/ChatGPT-Image-17-lut-2026-13_32_03.png 1536w\" sizes=\"(max-width: 800px) 100vw, 800px\" \/>\t\t\t\t\t\t\t\t\t\t\t\t\t\t\t<\/div>\n\t\t\t\t<\/div>\n\t\t\t\t\t<\/div>\n\t\t\t\t<\/div>\n\t\t<div class=\"elementor-element elementor-element-52477c7 e-flex e-con-boxed e-con e-parent\" data-id=\"52477c7\" data-element_type=\"container\" data-e-type=\"container\">\n\t\t\t\t\t<div class=\"e-con-inner\">\n\t\t<div class=\"elementor-element elementor-element-bf15a7e e-con-full e-flex e-con e-child\" data-id=\"bf15a7e\" data-element_type=\"container\" data-e-type=\"container\">\n\t\t\t\t<div class=\"elementor-element elementor-element-b83d229 elementor-widget elementor-widget-heading\" data-id=\"b83d229\" data-element_type=\"widget\" data-e-type=\"widget\" data-widget_type=\"heading.default\">\n\t\t\t\t\t<h2 class=\"elementor-heading-title elementor-size-default\">Ubezpieczenie turystyczne<\/h2>\t\t\t\t<\/div>\n\t\t\t\t<div class=\"elementor-element elementor-element-944ab92 elementor-widget elementor-widget-text-editor\" data-id=\"944ab92\" data-element_type=\"widget\" data-e-type=\"widget\" data-widget_type=\"text-editor.default\">\n\t\t\t\t\t\t\t\t\t<h2 data-start=\"2979\" data-end=\"3034\">Podr\u00f3\u017cuj spokojnie \u2014 reszt\u0105 zajmie si\u0119 ubezpieczenie<\/h2><p data-start=\"3036\" data-end=\"3178\">Koszty leczenia za granic\u0105 potrafi\u0105 si\u0119ga\u0107 dziesi\u0105tek tysi\u0119cy z\u0142otych.<br data-start=\"3106\" data-end=\"3109\" \/>Dlatego najwa\u017cniejszym elementem wyjazdu jest dobrze dobrana ochrona.<\/p><p data-start=\"3180\" data-end=\"3289\">Dobieram zakres do kierunku podr\u00f3\u017cy i sposobu wypoczynku \u2014 inne potrzeby ma city-break, a inne aktywny urlop.<\/p><h3 data-start=\"3291\" data-end=\"3316\">Polisa mo\u017ce obejmowa\u0107<\/h3><p data-start=\"3317\" data-end=\"3453\">\u2714 leczenie i hospitalizacj\u0119 za granic\u0105<br data-start=\"3355\" data-end=\"3358\" \/>\u2714 transport medyczny do Polski<br data-start=\"3388\" data-end=\"3391\" \/>\u2714 NNW i OC<br data-start=\"3401\" data-end=\"3404\" \/>\u2714 sporty amatorskie<br data-start=\"3423\" data-end=\"3426\" \/>\u2714 baga\u017c i odwo\u0142anie podr\u00f3\u017cy<\/p><p data-start=\"3455\" data-end=\"3509\">Kilka minut rozmowy pozwala unikn\u0105\u0107 ogromnych koszt\u00f3w.<\/p>\t\t\t\t\t\t\t\t<\/div>\n\t\t\t\t<\/div>\n\t\t<div class=\"elementor-element elementor-element-57338d6 e-con-full e-flex e-con e-child\" data-id=\"57338d6\" data-element_type=\"container\" data-e-type=\"container\" data-settings=\"{&quot;background_background&quot;:&quot;classic&quot;}\">\n\t\t\t\t<div class=\"elementor-element elementor-element-1912f41 elementor-widget elementor-widget-image\" data-id=\"1912f41\" data-element_type=\"widget\" data-e-type=\"widget\" data-widget_type=\"image.default\">\n\t\t\t\t\t\t\t\t\t\t\t\t\t\t\t<img loading=\"lazy\" decoding=\"async\" width=\"800\" height=\"534\" src=\"https:\/\/sylwiasiadura.pl\/wp-content\/uploads\/2026\/02\/ChatGPT-Image-17-lut-2026-13_31_21-1024x683.png\" class=\"attachment-large size-large wp-image-124\" alt=\"Ubezpieczenie turystyczne\" srcset=\"https:\/\/sylwiasiadura.pl\/wp-content\/uploads\/2026\/02\/ChatGPT-Image-17-lut-2026-13_31_21-1024x683.png 1024w, https:\/\/sylwiasiadura.pl\/wp-content\/uploads\/2026\/02\/ChatGPT-Image-17-lut-2026-13_31_21-300x200.png 300w, https:\/\/sylwiasiadura.pl\/wp-content\/uploads\/2026\/02\/ChatGPT-Image-17-lut-2026-13_31_21-768x512.png 768w, https:\/\/sylwiasiadura.pl\/wp-content\/uploads\/2026\/02\/ChatGPT-Image-17-lut-2026-13_31_21.png 1536w\" sizes=\"(max-width: 800px) 100vw, 800px\" \/>\t\t\t\t\t\t\t\t\t\t\t\t\t\t\t<\/div>\n\t\t\t\t<\/div>\n\t\t\t\t\t<\/div>\n\t\t\t\t<\/div>\n\t\t<div class=\"elementor-element elementor-element-7868886 elementor-hidden-desktop elementor-hidden-tablet elementor-hidden-mobile e-flex e-con-boxed e-con e-parent\" data-id=\"7868886\" data-element_type=\"container\" data-e-type=\"container\">\n\t\t\t\t\t<div class=\"e-con-inner\">\n\t\t\t\t<div class=\"elementor-element elementor-element-40e9be10 elementor-widget elementor-widget-heading\" data-id=\"40e9be10\" data-element_type=\"widget\" data-e-type=\"widget\" data-widget_type=\"heading.default\">\n\t\t\t\t\t<h2 class=\"elementor-heading-title elementor-size-default\">A Title to Turn the Visitor Into a Lead<\/h2>\t\t\t\t<\/div>\n\t\t\t\t<div class=\"elementor-element elementor-element-9dc919a elementor-widget__width-initial elementor-widget elementor-widget-text-editor\" data-id=\"9dc919a\" data-element_type=\"widget\" data-e-type=\"widget\" data-widget_type=\"text-editor.default\">\n\t\t\t\t\t\t\t\t\t<p>This is your chance to emphasize why the visitor should contact you right now now.<\/p>\t\t\t\t\t\t\t\t<\/div>\n\t\t\t\t<div class=\"elementor-element elementor-element-1d354ac1 elementor-align-center elementor-invisible elementor-widget elementor-widget-button\" data-id=\"1d354ac1\" data-element_type=\"widget\" data-e-type=\"widget\" data-settings=\"{&quot;_animation&quot;:&quot;fadeInDown&quot;}\" data-widget_type=\"button.default\">\n\t\t\t\t\t\t\t\t\t\t<a class=\"elementor-button elementor-button-link elementor-size-sm\" href=\"https:\/\/library.elementor.com\/local-services-wireframe-3-flexbox\/contact-us\/\">\n\t\t\t\t\t\t<span class=\"elementor-button-content-wrapper\">\n\t\t\t\t\t\t\t\t\t<span class=\"elementor-button-text\">Contact Us<\/span>\n\t\t\t\t\t<\/span>\n\t\t\t\t\t<\/a>\n\t\t\t\t\t\t\t\t<\/div>\n\t\t\t\t\t<\/div>\n\t\t\t\t<\/div>\n\t\t\t\t<\/div>\n\t\t","protected":false},"excerpt":{"rendered":"<p>Zapoznaj si\u0119 z ofert\u0105 Wszystkie towarzystwa ubezpieczeniowe w jednym miejscu Ubezpieczenie komunikacyjne (OC \/ AC \/ Assistance) Spokojna jazda zaczyna si\u0119 od dobrej ochrony Ubezpieczenie samochodu to nie tylko obowi\u0105zkowe OC.To przede wszystkim bezpiecze\u0144stwo finansowe w sytuacji kolizji, awarii lub kradzie\u017cy. Pomagam dobra\u0107 polis\u0119 dopasowan\u0105 do Twojego stylu jazdy, wieku auta i sposobu u\u017cytkowania.Innej ochrony [&hellip;]<\/p>\n","protected":false},"author":1,"featured_media":29,"parent":0,"menu_order":0,"comment_status":"closed","ping_status":"closed","template":"elementor_header_footer","meta":{"footnotes":""},"class_list":["post-26","page","type-page","status-publish","has-post-thumbnail","hentry"],"_links":{"self":[{"href":"http:\/\/sylwiasiadura.pl\/index.php\/wp-json\/wp\/v2\/pages\/26","targetHints":{"allow":["GET"]}}],"collection":[{"href":"http:\/\/sylwiasiadura.pl\/index.php\/wp-json\/wp\/v2\/pages"}],"about":[{"href":"http:\/\/sylwiasiadura.pl\/index.php\/wp-json\/wp\/v2\/types\/page"}],"author":[{"embeddable":true,"href":"http:\/\/sylwiasiadura.pl\/index.php\/wp-json\/wp\/v2\/users\/1"}],"replies":[{"embeddable":true,"href":"http:\/\/sylwiasiadura.pl\/index.php\/wp-json\/wp\/v2\/comments?post=26"}],"version-history":[{"count":17,"href":"http:\/\/sylwiasiadura.pl\/index.php\/wp-json\/wp\/v2\/pages\/26\/revisions"}],"predecessor-version":[{"id":139,"href":"http:\/\/sylwiasiadura.pl\/index.php\/wp-json\/wp\/v2\/pages\/26\/revisions\/139"}],"wp:featuredmedia":[{"embeddable":true,"href":"http:\/\/sylwiasiadura.pl\/index.php\/wp-json\/wp\/v2\/media\/29"}],"wp:attachment":[{"href":"http:\/\/sylwiasiadura.pl\/index.php\/wp-json\/wp\/v2\/media?parent=26"}],"curies":[{"name":"wp","href":"https:\/\/api.w.org\/{rel}","templated":true}]}}